{"id":819,"date":"2022-11-08T18:30:39","date_gmt":"2022-11-08T23:30:39","guid":{"rendered":"https:\/\/gpsites.co\/info\/?page_id=819"},"modified":"2023-08-14T13:34:54","modified_gmt":"2023-08-14T17:34:54","slug":"sobre","status":"publish","type":"page","link":"https:\/\/infowei.com.br\/es\/sobre\/","title":{"rendered":"Acerca de"},"content":{"rendered":"<p>Bienvenido a Infowei: <\/p>\n\n\n\n<p>Un refugio digital donde exploramos los tesoros de la Biblia y compartimos el viaje de toda una vida dedicada a comprender las Escrituras. Nos apasiona este antiguo libro, no s\u00f3lo como registro hist\u00f3rico, sino como fuente infinita de sabidur\u00eda, inspiraci\u00f3n y direcci\u00f3n para vivir una vida plena y significativa. Aqu\u00ed, cada palabra es una perla, cada vers\u00edculo es un camino para la reflexi\u00f3n y cada historia es una puerta a una comprensi\u00f3n m\u00e1s profunda de nuestra existencia.<\/p>\n\n\n\n<p>Nuestra pasi\u00f3n por este tema naci\u00f3 de experiencias personales que han dado forma a nuestro camino espiritual. Desde las primeras lecturas en las ma\u00f1anas tranquilas hasta los fervientes debates en los grupos de estudio, la Biblia ha sido siempre una constante en nuestras vidas. Nos ha tra\u00eddo consuelo en las tormentas, claridad en las incertidumbres y esperanza en los momentos m\u00e1s oscuros. Nuestra b\u00fasqueda de sentido y conexi\u00f3n nos ha llevado a sumergirnos en las p\u00e1ginas de este libro sagrado, y queremos compartir este viaje contigo.<\/p>\n\n\n<div class=\"wp-block-image\">\n<figure class=\"alignleft size-full is-resized\"><img decoding=\"async\" src=\"https:\/\/infowei.com.br\/wp-content\/uploads\/2023\/08\/download-1.jpeg\" alt=\"\" class=\"wp-image-11083\" style=\"width:161px;height:161px\" width=\"161\" height=\"161\" srcset=\"https:\/\/infowei.com.br\/wp-content\/uploads\/2023\/08\/download-1.jpeg 1024w, https:\/\/infowei.com.br\/wp-content\/uploads\/2023\/08\/download-1-300x300.jpeg 300w, https:\/\/infowei.com.br\/wp-content\/uploads\/2023\/08\/download-1-150x150.jpeg 150w, https:\/\/infowei.com.br\/wp-content\/uploads\/2023\/08\/download-1-768x768.jpeg 768w\" sizes=\"(max-width: 161px) 100vw, 161px\" \/><\/figure>\n<\/div>\n\n\n<p>Infowei no es s\u00f3lo un blog, es una extensi\u00f3n de nuestra visi\u00f3n del mundo, una invitaci\u00f3n a explorar las profundidades de la espiritualidad, la \u00e9tica, la moral y la filosof\u00eda que se encuentran en las p\u00e1ginas de la Biblia. Creemos que, independientemente de las creencias individuales, hay un valor innegable en las historias atemporales, las ense\u00f1anzas transformadoras y los principios que han dado forma a la civilizaci\u00f3n. Las analog\u00edas y narraciones de la Biblia son como faros que iluminan el camino en nuestro viaje terrenal.<\/p>\n\n\n\n<p>Nuestra misi\u00f3n es ofrecer un espacio para debates respetuosos, aprendizaje mutuo y descubrimientos profundos. Queremos sacar a la luz las joyas ocultas entre l\u00edneas, explorar la riqueza cultural e hist\u00f3rica de las narraciones b\u00edblicas y destacar c\u00f3mo sus ense\u00f1anzas pueden aplicarse de forma pr\u00e1ctica y positiva en nuestras vidas. Estamos comprometidos con un enfoque integrador, respetando todas las perspectivas y creencias, y tratando de enriquecernos mutuamente con nuestros diferentes puntos de vista.<\/p>\n\n\n\n<p>Nuestro sue\u00f1o es crear una comunidad de buscadores, indagadores y creyentes, donde podamos aprender unos de otros, compartir nuestras reflexiones y crecer juntos en sabidur\u00eda y comprensi\u00f3n. Todos los art\u00edculos, an\u00e1lisis y reflexiones que encontrar\u00e1s aqu\u00ed han sido cuidadosamente elaborados, y esperamos que inspiren, provoquen el pensamiento y nos animen a todos a explorar las profundidades de la Biblia y descubrir las joyas que tiene que ofrecer.<\/p>\n\n\n\n<p>Gracias por acompa\u00f1arnos en este viaje de exploraci\u00f3n espiritual. Bienvenido a Infowei, donde las palabras cobran vida y la sabidur\u00eda se manifiesta en cada p\u00e1gina.<\/p>","protected":false},"excerpt":{"rendered":"<p>Bem-vindo ao Infowei: Um ref\u00fagio digital onde exploramos os tesouros da B\u00edblia e compartilhamos a jornada de uma vida dedicada \u00e0 compreens\u00e3o das Escrituras. Somos apaixonados por esse livro milenar, n\u00e3o apenas como um registro hist\u00f3rico, mas como uma fonte infinita de sabedoria, inspira\u00e7\u00e3o e direcionamento para viver uma vida plena e significativa. Aqui, cada &#8230; <a title=\"Acerca de\" class=\"read-more\" href=\"https:\/\/infowei.com.br\/es\/sobre\/\" aria-label=\"Leer m\u00e1s sobre Sobre\">Seguir leyendo<\/a><\/p>","protected":false},"author":5,"featured_media":0,"parent":0,"menu_order":0,"comment_status":"closed","ping_status":"closed","template":"","meta":{"footnotes":""},"class_list":["post-819","page","type-page","status-publish"],"yoast_head":"<!-- This site is optimized with the Yoast SEO plugin v27.4 - https:\/\/yoast.com\/product\/yoast-seo-wordpress\/ -->\n<title>Sobre -<\/title>\n<meta name=\"robots\" content=\"index, follow, max-snippet:-1, max-image-preview:large, max-video-preview:-1\" \/>\n<link rel=\"canonical\" href=\"https:\/\/infowei.com.br\/es\/sobre\/\" \/>\n<meta property=\"og:locale\" content=\"es_MX\" \/>\n<meta property=\"og:type\" content=\"article\" \/>\n<meta property=\"og:title\" content=\"Sobre -\" \/>\n<meta property=\"og:description\" content=\"Bem-vindo ao Infowei: Um ref\u00fagio digital onde exploramos os tesouros da B\u00edblia e compartilhamos a jornada de uma vida dedicada \u00e0 compreens\u00e3o das Escrituras. Somos apaixonados por esse livro milenar, n\u00e3o apenas como um registro hist\u00f3rico, mas como uma fonte infinita de sabedoria, inspira\u00e7\u00e3o e direcionamento para viver uma vida plena e significativa. Aqui, cada ... Leer m\u00e1s\" \/>\n<meta property=\"og:url\" content=\"https:\/\/infowei.com.br\/es\/sobre\/\" \/>\n<meta property=\"article:modified_time\" content=\"2023-08-14T17:34:54+00:00\" \/>\n<meta property=\"og:image\" content=\"https:\/\/infowei.com.br\/wp-content\/uploads\/2023\/08\/download-1.jpeg\" \/>\n<meta name=\"twitter:card\" content=\"summary_large_image\" \/>\n<meta name=\"twitter:label1\" content=\"Tiempo de lectura\" \/>\n\t<meta name=\"twitter:data1\" content=\"2 minutos\" \/>\n<script type=\"application\/ld+json\" class=\"yoast-schema-graph\">{\"@context\":\"https:\\\/\\\/schema.org\",\"@graph\":[{\"@type\":\"WebPage\",\"@id\":\"https:\\\/\\\/infowei.com.br\\\/sobre\\\/\",\"url\":\"https:\\\/\\\/infowei.com.br\\\/sobre\\\/\",\"name\":\"Sobre -\",\"isPartOf\":{\"@id\":\"https:\\\/\\\/infowei.com.br\\\/#website\"},\"primaryImageOfPage\":{\"@id\":\"https:\\\/\\\/infowei.com.br\\\/sobre\\\/#primaryimage\"},\"image\":{\"@id\":\"https:\\\/\\\/infowei.com.br\\\/sobre\\\/#primaryimage\"},\"thumbnailUrl\":\"https:\\\/\\\/infowei.com.br\\\/wp-content\\\/uploads\\\/2023\\\/08\\\/download-1.jpeg\",\"datePublished\":\"2022-11-08T23:30:39+00:00\",\"dateModified\":\"2023-08-14T17:34:54+00:00\",\"inLanguage\":\"es\",\"potentialAction\":[{\"@type\":\"ReadAction\",\"target\":[\"https:\\\/\\\/infowei.com.br\\\/sobre\\\/\"]}]},{\"@type\":\"ImageObject\",\"inLanguage\":\"es\",\"@id\":\"https:\\\/\\\/infowei.com.br\\\/sobre\\\/#primaryimage\",\"url\":\"https:\\\/\\\/infowei.com.br\\\/wp-content\\\/uploads\\\/2023\\\/08\\\/download-1.jpeg\",\"contentUrl\":\"https:\\\/\\\/infowei.com.br\\\/wp-content\\\/uploads\\\/2023\\\/08\\\/download-1.jpeg\"},{\"@type\":\"WebSite\",\"@id\":\"https:\\\/\\\/infowei.com.br\\\/#website\",\"url\":\"https:\\\/\\\/infowei.com.br\\\/\",\"name\":\"\",\"description\":\"\",\"potentialAction\":[{\"@type\":\"SearchAction\",\"target\":{\"@type\":\"EntryPoint\",\"urlTemplate\":\"https:\\\/\\\/infowei.com.br\\\/?s={search_term_string}\"},\"query-input\":{\"@type\":\"PropertyValueSpecification\",\"valueRequired\":true,\"valueName\":\"search_term_string\"}}],\"inLanguage\":\"es\"}]}<\/script>\n<!-- \/ Yoast SEO plugin. -->","yoast_head_json":{"title":"Sobre -","robots":{"index":"index","follow":"follow","max-snippet":"max-snippet:-1","max-image-preview":"max-image-preview:large","max-video-preview":"max-video-preview:-1"},"canonical":"https:\/\/infowei.com.br\/es\/sobre\/","og_locale":"es_MX","og_type":"article","og_title":"Sobre -","og_description":"Bem-vindo ao Infowei: Um ref\u00fagio digital onde exploramos os tesouros da B\u00edblia e compartilhamos a jornada de uma vida dedicada \u00e0 compreens\u00e3o das Escrituras. Somos apaixonados por esse livro milenar, n\u00e3o apenas como um registro hist\u00f3rico, mas como uma fonte infinita de sabedoria, inspira\u00e7\u00e3o e direcionamento para viver uma vida plena e significativa. Aqui, cada ... Leer m\u00e1s","og_url":"https:\/\/infowei.com.br\/es\/sobre\/","article_modified_time":"2023-08-14T17:34:54+00:00","og_image":[{"url":"https:\/\/infowei.com.br\/wp-content\/uploads\/2023\/08\/download-1.jpeg","type":"","width":"","height":""}],"twitter_card":"summary_large_image","twitter_misc":{"Tiempo de lectura":"2 minutos"},"schema":{"@context":"https:\/\/schema.org","@graph":[{"@type":"WebPage","@id":"https:\/\/infowei.com.br\/sobre\/","url":"https:\/\/infowei.com.br\/sobre\/","name":"Sobre -","isPartOf":{"@id":"https:\/\/infowei.com.br\/#website"},"primaryImageOfPage":{"@id":"https:\/\/infowei.com.br\/sobre\/#primaryimage"},"image":{"@id":"https:\/\/infowei.com.br\/sobre\/#primaryimage"},"thumbnailUrl":"https:\/\/infowei.com.br\/wp-content\/uploads\/2023\/08\/download-1.jpeg","datePublished":"2022-11-08T23:30:39+00:00","dateModified":"2023-08-14T17:34:54+00:00","inLanguage":"es","potentialAction":[{"@type":"ReadAction","target":["https:\/\/infowei.com.br\/sobre\/"]}]},{"@type":"ImageObject","inLanguage":"es","@id":"https:\/\/infowei.com.br\/sobre\/#primaryimage","url":"https:\/\/infowei.com.br\/wp-content\/uploads\/2023\/08\/download-1.jpeg","contentUrl":"https:\/\/infowei.com.br\/wp-content\/uploads\/2023\/08\/download-1.jpeg"},{"@type":"WebSite","@id":"https:\/\/infowei.com.br\/#website","url":"https:\/\/infowei.com.br\/","name":"","description":"","potentialAction":[{"@type":"SearchAction","target":{"@type":"EntryPoint","urlTemplate":"https:\/\/infowei.com.br\/?s={search_term_string}"},"query-input":{"@type":"PropertyValueSpecification","valueRequired":true,"valueName":"search_term_string"}}],"inLanguage":"es"}]}},"_links":{"self":[{"href":"https:\/\/infowei.com.br\/es\/wp-json\/wp\/v2\/pages\/819","targetHints":{"allow":["GET"]}}],"collection":[{"href":"https:\/\/infowei.com.br\/es\/wp-json\/wp\/v2\/pages"}],"about":[{"href":"https:\/\/infowei.com.br\/es\/wp-json\/wp\/v2\/types\/page"}],"author":[{"embeddable":true,"href":"https:\/\/infowei.com.br\/es\/wp-json\/wp\/v2\/users\/5"}],"replies":[{"embeddable":true,"href":"https:\/\/infowei.com.br\/es\/wp-json\/wp\/v2\/comments?post=819"}],"version-history":[{"count":0,"href":"https:\/\/infowei.com.br\/es\/wp-json\/wp\/v2\/pages\/819\/revisions"}],"wp:attachment":[{"href":"https:\/\/infowei.com.br\/es\/wp-json\/wp\/v2\/media?parent=819"}],"curies":[{"name":"wp","href":"https:\/\/api.w.org\/{rel}","templated":true}]}}